{"id":3073,"date":"2023-11-28T11:15:09","date_gmt":"2023-11-28T10:15:09","guid":{"rendered":"https:\/\/www.hellmich-kranservice.net\/?page_id=3073"},"modified":"2023-11-28T16:34:21","modified_gmt":"2023-11-28T15:34:21","slug":"kranarbeiten-regional","status":"publish","type":"page","link":"https:\/\/www.hft-riedstadt.de\/HFT2023WP\/kranarbeiten-regional\/","title":{"rendered":"Kranarbeiten regional"},"content":{"rendered":"<p><div class=\"fusion-fullwidth fullwidth-box fusion-builder-row-1 fusion-flex-container has-pattern-background has-mask-background nonhundred-percent-fullwidth non-hundred-percent-height-scrolling\" style=\"--awb-border-radius-top-left:0px;--awb-border-radius-top-right:0px;--awb-border-radius-bottom-right:0px;--awb-border-radius-bottom-left:0px;--awb-flex-wrap:wrap;\" ><div class=\"fusion-builder-row fusion-row fusion-flex-align-items-flex-start fusion-flex-content-wrap\" style=\"max-width:1216.8px;margin-left: calc(-4% \/ 2 );margin-right: calc(-4% \/ 2 );\"><div class=\"fusion-layout-column fusion_builder_column fusion-builder-column-0 fusion_builder_column_1_1 1_1 fusion-flex-column\" style=\"--awb-bg-size:cover;--awb-width-large:100%;--awb-margin-top-large:0px;--awb-spacing-right-large:1.92%;--awb-margin-bottom-large:0px;--awb-spacing-left-large:1.92%;--awb-width-medium:100%;--awb-order-medium:0;--awb-spacing-right-medium:1.92%;--awb-spacing-left-medium:1.92%;--awb-width-small:100%;--awb-order-small:0;--awb-spacing-right-small:1.92%;--awb-spacing-left-small:1.92%;\"><div class=\"fusion-column-wrapper fusion-column-has-shadow fusion-flex-justify-content-flex-start fusion-content-layout-column\"><div class=\"fusion-title title fusion-title-1 fusion-sep-none fusion-title-center fusion-title-text fusion-title-size-two\"><h2 class=\"fusion-title-heading title-heading-center fusion-responsive-typography-calculated\" style=\"margin:0;text-transform:none;--fontSize:32;line-height:1.3;\">Kranarbeiten regional<\/h2><\/div><div class=\"fusion-separator\" style=\"align-self: center;margin-left: auto;margin-right: auto;margin-bottom:30px;width:100%;max-width:550px;\"><div class=\"fusion-separator-border sep-single sep-solid\" style=\"--awb-height:20px;--awb-amount:20px;--awb-sep-color:var(--awb-color5);border-color:var(--awb-color5);border-top-width:2px;\"><\/div><\/div><\/div><\/div><\/div><\/div><div class=\"fusion-fullwidth fullwidth-box fusion-builder-row-2 fusion-flex-container has-pattern-background has-mask-background nonhundred-percent-fullwidth non-hundred-percent-height-scrolling\" style=\"--awb-border-radius-top-left:0px;--awb-border-radius-top-right:0px;--awb-border-radius-bottom-right:0px;--awb-border-radius-bottom-left:0px;--awb-flex-wrap:wrap;\" ><div class=\"fusion-builder-row fusion-row fusion-flex-align-items-flex-start fusion-flex-content-wrap\" style=\"max-width:1216.8px;margin-left: calc(-4% \/ 2 );margin-right: calc(-4% \/ 2 );\"><div class=\"fusion-layout-column fusion_builder_column fusion-builder-column-1 fusion_builder_column_1_1 1_1 fusion-flex-column\" style=\"--awb-bg-size:cover;--awb-width-large:100%;--awb-margin-top-large:0px;--awb-spacing-right-large:1.92%;--awb-margin-bottom-large:0px;--awb-spacing-left-large:1.92%;--awb-width-medium:100%;--awb-order-medium:0;--awb-spacing-right-medium:1.92%;--awb-spacing-left-medium:1.92%;--awb-width-small:100%;--awb-order-small:0;--awb-spacing-right-small:1.92%;--awb-spacing-left-small:1.92%;\"><div class=\"fusion-column-wrapper fusion-column-has-shadow fusion-flex-justify-content-flex-start fusion-content-layout-column\"><div class=\"fusion-text fusion-text-1\"><p>\u00dcber 40 Jahre kennt man \u201eHELLMICH\u201c mit seinen Kranen in der Metropolregion Rhein-Main-Neckar. <\/p>\n<p>Wir bauen schon immer an der Zukunft der Region, denn wir haben buchst\u00e4blich die \u201eZukunft am Haken\u201c. <\/p>\n<p>Unser Team stellt sich mit viel Erfahrung und Ideen den t\u00e4glichen Herausforderungen auf den Baustellen um Ihre Projekte erfolgreich abzuschlie\u00dfen. Das beginnt schon bei der Planung. Wir stehen von Anfang an an Ihrer Seite, beraten Sie bei der Baustelleneinrichtung, Zufahrten und Stellpl\u00e4tze. Dabei greifen wir auf einen umfagreichen Fuhrpark und Zubeh\u00f6r zur\u00fcck und bieten Ihnen die richtige L\u00f6sung, besser gesagt den richtigen Haken.<\/p>\n<p>Wir sind mit unseren erfahrenen Mitarbeitenden beim Hausbau, Br\u00fcckbau, Hallenbau, Lagerbau, Wasserbau, Stra\u00dfenbau, Funkmastbau, Strommastbau, Krankenhausbau, Forschungsbau, Rechenzentrenbau, Klimabau, Fassadenbau, Fensterbau, Maschinenbau usw. t\u00e4tig. (Link zu \u201eWir Kranunternehmer)<\/p>\n<p>Selbst wenn wir Abbruch- Arbeiten unterst\u00fctzen, entsteht danach etwas Neues.<\/p>\n<p>Hier ein paar Beispiele f\u00fcr unsere Arbeit: (Zus\u00e4tzlich Link zu News)<\/p><\/p>\n<\/div><\/div><\/div><\/div><\/div><\/p>\n","protected":false},"excerpt":{"rendered":"","protected":false},"author":1,"featured_media":0,"parent":0,"menu_order":0,"comment_status":"closed","ping_status":"closed","template":"100-width.php","meta":{"footnotes":""},"class_list":["post-3073","page","type-page","status-publish","hentry"],"jetpack_sharing_enabled":true,"_links":{"self":[{"href":"https:\/\/www.hft-riedstadt.de\/HFT2023WP\/wp-json\/wp\/v2\/pages\/3073","targetHints":{"allow":["GET"]}}],"collection":[{"href":"https:\/\/www.hft-riedstadt.de\/HFT2023WP\/wp-json\/wp\/v2\/pages"}],"about":[{"href":"https:\/\/www.hft-riedstadt.de\/HFT2023WP\/wp-json\/wp\/v2\/types\/page"}],"author":[{"embeddable":true,"href":"https:\/\/www.hft-riedstadt.de\/HFT2023WP\/wp-json\/wp\/v2\/users\/1"}],"replies":[{"embeddable":true,"href":"https:\/\/www.hft-riedstadt.de\/HFT2023WP\/wp-json\/wp\/v2\/comments?post=3073"}],"version-history":[{"count":3,"href":"https:\/\/www.hft-riedstadt.de\/HFT2023WP\/wp-json\/wp\/v2\/pages\/3073\/revisions"}],"predecessor-version":[{"id":3087,"href":"https:\/\/www.hft-riedstadt.de\/HFT2023WP\/wp-json\/wp\/v2\/pages\/3073\/revisions\/3087"}],"wp:attachment":[{"href":"https:\/\/www.hft-riedstadt.de\/HFT2023WP\/wp-json\/wp\/v2\/media?parent=3073"}],"curies":[{"name":"wp","href":"https:\/\/api.w.org\/{rel}","templated":true}]}}