{"id":3,"date":"2022-11-16T14:30:50","date_gmt":"2022-11-16T13:30:50","guid":{"rendered":"http:\/\/2022.hellmich.group\/?page_id=3"},"modified":"2023-11-16T10:22:30","modified_gmt":"2023-11-16T09:22:30","slug":"datenschutzerklaerung","status":"publish","type":"page","link":"https:\/\/www.hft-riedstadt.de\/HFT2023WP\/kontakt\/datenschutzerklaerung\/","title":{"rendered":"Datenschutzerkl\u00e4rung"},"content":{"rendered":"\r\n<h3 class=\"wp-block-heading\">DATENSCHUTZERKL\u00c4RUNG UND EINWILLIGUNG ZUR DATENNUTZUNG<\/h3>\r\n<p>Wir freuen uns \u00fcber Ihr Interesse an unserer Website. Der Schutz und die gesetzeskonforme Erhebung, Verarbeitung und Nutzung Ihrer personenbezogenen Daten Ihrer Privats- und Pers\u00f6nlichkeitssph\u00e4re ist f\u00fcr uns sehr wichtig. Nachstehend informieren wir Sie ausf\u00fchrlich \u00fcber den Umgang mit Ihren Daten und \u00fcber unsere Datenerhebung, Datenverarbeitung und Datenverwendung informieren.<\/p>\r\n<p>Sie k\u00f6nnen dieses Dokument ausdrucken oder speichern, indem Sie die \u00fcbliche Funktionalit\u00e4t Ihres Internetdiensteprogramms (=Browser: dort meist &#8220;Datei&#8221; -&gt; &#8220;Speichern unter&#8221;) nutzen.<\/p>\r\n<h4><strong>1. VERANTWORTLICHE STELLE<\/strong><\/h4>\r\n<p>Verantwortliche Stelle f\u00fcr die Erhebung, Verarbeitung und Nutzung Ihrer personenbezogenen Daten im Sinne des Bundesdatenschutzgesetzes f\u00fcr die Website\u00a0<a href=\"http:\/\/www.hellmich-kranservice.de\/\">www.hft-riedstadt.de\/HFT2023WP<\/a>\u00a0ist der Betreiber der Website, die<\/p>\r\n<p>Hellmich Kranservice GmbH, AM Schwarzbach an der B 44, 64560 Riedstadt-Erfelden<\/p>\r\n<p><strong>Verantwortlich<\/strong>: Herr Ren\u00e9 Hellmich<strong><br \/>Vertretung<\/strong>: Herr Gunnar Heinrich<\/p>\r\n<p>Aufgrund der gesetzlichen Bestimmungen sind wir nicht verpflichtet einen separaten Datenschutzbeauftragen zu stellen.<\/p>\r\n<p>\u00a0Sofern Sie der Erhebung, Verarbeitung oder Nutzung Ihrer Daten durch die Hellmich Kranservice GmbH nach Ma\u00dfgabe dieser Datenschutzbestimmungen insgesamt oder f\u00fcr einzelne Ma\u00dfnahmen widersprechen wollen, k\u00f6nnen Sie Ihren Widerspruch per E-Mail, Fax oder Brief an folgende Kontaktdaten senden:<\/p>\r\n<p>Hellmich Kranservice GmbH, Am Schwarzbach an der B 44, 64560 Riedstadt-Erfelden<br \/>Telefax: +49 (0)6158-188417<br \/>E-Mail:\u00a0<span id=\"cloakcf19347642fbd2b00a1802cb16804f6a\"><a href=\"mailto:info@hellmich-kranservice.de\">info@hellmich-kranservice.de<\/a><\/span><\/p>\r\n<p>Dar\u00fcber hinaus k\u00f6nnen Sie nat\u00fcrlich auch jederzeit unentgeltlich Auskunft \u00fcber die bei uns gespeicherten Daten erhalten (s. auch Punkt 8).<\/p>\r\n<h4><strong>2. ERHEBUNG, VERARBEITUNG UND NUTZUNG VON PERSONENBEZOGENEN DATEN<\/strong><\/h4>\r\n<h4><strong>2.1 PERSONENBEZOGENEN DATEN<\/strong><\/h4>\r\n<p>Personenbezogene Daten sind Angaben \u00fcber sachliche oder pers\u00f6nliche Verh\u00e4ltnisse einer bestimmten oder bestimmbaren nat\u00fcrlichen Person. Hierunter fallen beispielsweise Ihr Name, Ihre Telefonnummer, Ihre Anschrift, sowie s\u00e4mtliche Bestandsdaten, die Sie uns bei der Registrierung und beim Anlegen Ihres Kundenkontos mitteilen.<\/p>\r\n<p>Statistische Daten, die wir beispielsweise bei dem Besuch unseres Web-Shops erheben und die nicht direkt mit Ihrer Person in Verbindung gebracht werden k\u00f6nnen, fallen nicht hierunter (s. Punkt 2.2)<\/p>\r\n<h4><strong>2.2 ANONYMISIERTE DATEN<\/strong><\/h4>\r\n<p>Bei jedem Zugriff auf Inhalte unseres Internetangebots werden automatisch allgemeine Informationen gespeichert (z. B. Anzahl und Dauer der Nutzer einzelner Seiten u. \u00c4.). Diese Daten sind nicht personenbezogen und werden daher in anonymisierter Form verarbeitet. Informationen dieser Art dienen ausschlie\u00dflich statistischen Zwecken und werden von uns zur Optimierung unseres Internetangebots genutzt. Zum Beispiel sind dies Statistiken dar\u00fcber, welche Seiten unserer Website besonders beliebt sind oder wie viele Nutzer bestimmte Seiten unserer Website besuchen.<\/p>\r\n<h4><strong>2.3 DATENERHEBUNG UND ZWECK DER DATENERHEBUNG<\/strong><\/h4>\r\n<h4><strong>2.3.1 KONTAKTFORMULAR<\/strong><\/h4>\r\n<p>Personenbezogene Daten, die Sie uns bei einer Kontaktaufnahme mit uns (z.B. per Kontaktformular oder E-Mail) freiwillig mitteilen werden erst dann verarbeitet, wenn diese zur Angebotserstellung und \/ oder Vertragsabwicklung notwendig werden. Welche Daten erhoben werden, ist aus den jeweiligen Eingabeformularen ersichtlich. Dar\u00fcber hinaus verwenden wir die von Ihnen mitgeteilten Daten zur Bearbeitung Ihrer Anfragen.<\/p>\r\n<h4><strong>2.3.2 DATENVERWENDUNG BEI ANMELDUNG ZUM E-MAIL-NEWSLETTER<\/strong><\/h4>\r\n<p>Wenn Sie sich zu unserem Newsletter anmelden, verwenden wir die hierf\u00fcr erforderlichen oder gesondert von Ihnen mitgeteilten Daten, um Ihnen regelm\u00e4\u00dfig unseren E-Mail-Newsletter entsprechend Ihrer Einwilligung zuzusenden. Die Abmeldung vom Newsletter ist jederzeit m\u00f6glich und kann entweder durch eine Nachricht an die oben beschriebene Kontaktm\u00f6glichkeit oder \u00fcber einen daf\u00fcr vorgesehenen Link im Newsletter erfolgen. Die von uns gespeicherten E-Mail-Adressen zum Versand des Newsletters sind nicht mit Ihren Adress- und \/ oder Bestelldaten verkn\u00fcpft. Sie haben immer die M\u00f6glichkeit eine Bestellung in unserem Shop aufzugeben ohne dass eine Anmeldung zum Newsletter n\u00f6tig ist. Die Anmeldung erfolgt immer freiwillig.\u00a0<\/p>\r\n<h4><strong>2.3.3 WEITERGABE IHRER DATEN AN DRITTE<\/strong><\/h4>\r\n<p>Ihre personenbezogenen Daten werden an Dritte nur weitergegeben oder sonst \u00fcbermittelt, wenn dies zum Zweck einer Vertragsabwicklung erforderlich ist.<\/p>\r\n<h4><strong>2.3.4 ZWECK DER DATENERHEBUNG<\/strong><\/h4>\r\n<p>Gegenstand unseres Unternehmens ist die Vermietung und der Vertrieb von Autokranen. Die Erhebung und Verarbeitung Ihrer personenbezogenen Daten erfolgt im Zusammenhang mit Ihrer Anfrage \u00a0einer Touristikleistung. Wir nutzen diese Daten im Rahmen der Zweckbestimmung des Vertragsverh\u00e4ltnisses zur Vermittlung des Produkts und zur Abwicklung der damit verbundenen Leistungen.<\/p>\r\n<p>Eine L\u00f6schung Ihrer personenbezogenen Daten erfolgt, sofern gesetzliche Aufbewahrungspflichten dem nicht entgegenstehen und wenn Sie einen L\u00f6schungsanspruch geltend gemacht haben, wenn die Daten zur Erf\u00fcllung des mit der Speicherung verfolgten Zwecks nicht mehr erforderlich sind oder wenn ihre Speicherung aus sonstigen gesetzlichen Gr\u00fcnden unzul\u00e4ssig ist.<\/p>\r\n<p><strong>3. Co<\/strong><strong>okies<\/strong><\/p>\r\n<p>Um den Besuch unserer Website attraktiv zu gestalten und die Nutzung bestimmter Funktionen zu erm\u00f6glichen, verwenden wir auf verschiedenen Seiten sogenannte Cookies. Das Akzeptieren von Cookies ist keine Voraussetzung zum Besuch unserer Website. Jedoch weisen wir Sie darauf hin, dass unsere Website und Service nur eingeschr\u00e4nkte Funktionalit\u00e4ten hat, wenn Sie es uns nicht erlauben Cookies zu setzen.<\/p>\r\n<h4><strong>3.1 WAS SIND COOKIES?\u00a0<\/strong><\/h4>\r\n<p>Cookies sind kleine Dateien, die auf Ihrem Datentr\u00e4ger gespeichert werden und die bestimmte Einstellungen und Daten zum Austausch mit unserem System \u00fcber Ihren Browser speichern. Grunds\u00e4tzlich unterscheidet man 2 verschiedenen Arten von Cookies, sogenannte Session-Cookies, die gel\u00f6scht werden, sobald Sie Ihren Browser schlie\u00dfen und tempor\u00e4re\/permanente Cookies, die f\u00fcr einen l\u00e4ngeren Zeitraum oder unbegrenzt auf Ihrem Datentr\u00e4ger gespeichert werden. Diese Speicherung hilft uns, unsere Webseiten und unsere Angebote f\u00fcr Sie entsprechend zu gestalten und erleichtert Ihnen die Nutzung, indem beispielsweise bestimmte Eingaben von Ihnen so gespeichert werden, dass Sie sie nicht st\u00e4ndig wiederholen m\u00fcssen.<\/p>\r\n<h4><strong>3.2 WELCHE COOKIES VERWENDET DIE WEBSITE?\u00a0<br \/><\/strong><\/h4>\r\n<p>Die meisten der von uns verwendeten Cookies werden nach Ende der Browser-Sitzung (Ende der Session) automatisch wieder von Ihrer Festplatte gel\u00f6scht (daher auch Session-Cookies). Session-Cookies werden beispielsweise ben\u00f6tigt, um Ihnen die Warenkorb-Funktion \u00fcber mehrere Seiten hinweg anzubieten. Dar\u00fcber hinaus verwenden wir auch Cookies, die auf der Festplatte bei Ihnen verbleiben. Bei einem weiteren Besuch wird dann automatisch erkannt, dass Sie bereits bei uns waren und welche Eingaben und Einstellungen Sie bevorzugen. Diese tempor\u00e4ren oder auch permanenten Cookies (Lebensdauer 1 Monat bis 10 Jahre) werden auf Ihrer Festplatte gespeichert und l\u00f6schen sich nach der vorgegebenen Zeit von allein. Insbesondere diese Cookies dienen dazu, unser Angebot nutzerfreundlicher, effektiver und sicherer zu machen. Dank dieser Dateien ist es beispielsweise m\u00f6glich, dass Sie speziell auf Ihre Interessen abgestimmte Informationen auf der Seite angezeigt bekommen. Der ausschlie\u00dfliche Zweck dieser Cookies besteht darin, unser Angebot Ihren Kundenw\u00fcnschen bestm\u00f6glich anzupassen und Ihnen das Surfen bei uns so komfortabel wie m\u00f6glich zu gestalten.<\/p>\r\n<h4><strong>3.3 WELCHE DATEN SIND IN DEN COOKIES GESPEICHERT?\u00a0<br \/><\/strong><\/h4>\r\n<p>In den von uns verwendeten Cookies werden lediglich pseudonyme Daten gespeichert. Bei Aktivierung des Cookies wird diesem eine Identifikationsnummer zugewiesen und eine Zuordnung Ihrer personenbezogenen Daten zu dieser Identifikationsnummer wird nicht vorgenommen. Ihr Name, Ihre IP-Adresse oder \u00e4hnliche Daten, die eine Zuordnung des Cookies zu Ihnen erm\u00f6glichen w\u00fcrde, werden nicht in den Cookie eingelegt. Auf Basis der Cookie-Technologie erhalten wir lediglich pseudonymisierte Informationen, beispielsweise dar\u00fcber, welche Seiten unseres Website besucht wurden, etc.<\/p>\r\n<h4><strong>3.4 WIE K\u00d6NNEN SIE DIE SPEICHERUNG VON COOKIES VERHINDERN?\u00a0<br \/><\/strong><\/h4>\r\n<p>Die meisten Browser sind so eingestellt, dass sie Cookies automatisch akzeptieren. Sie k\u00f6nnen das Speichern von Cookies jedoch deaktivieren oder Ihren Browser so einstellen, dass er Sie benachrichtigt, sobald Cookies gesendet werden. In der Regel wird Ihnen in der Men\u00fcleiste Ihres Webbrowsers \u00fcber die Hilfe-Funktion angezeigt, wie Sie neue Cookies abweisen und bereits erhaltene ausschalten k\u00f6nnen. Dar\u00fcber hinaus besteht f\u00fcr Sie die M\u00f6glichkeit, die gespeicherten Cookies jederzeit von Ihrer Festplatte zu l\u00f6schen. Um eine Bestellung durchf\u00fchren zu k\u00f6nnen, ist die Verwendung von Cookies erforderlich. Eine eingeschr\u00e4nkte Nutzung unserer Dienste ist auch ohne Cookies m\u00f6glich. Wir empfehlen Ihnen, bei gemeinsam genutzten Computern sich nach Beendigung stets vollst\u00e4ndig abzumelden.<\/p>\r\n<h4><strong>4. LOG-DATEIEN<\/strong><\/h4>\r\n<p>Sie k\u00f6nnen unsere Webseiten besuchen, ohne Angaben zu Ihrer Person zu machen. Wir speichern lediglich Zugriffsdaten in sogenannten Server-Logfiles, wie z.B. den Namen der angeforderten Datei, Datum und Uhrzeit des Abrufs, \u00fcbertragene Datenmenge und den anfragenden Provider. Diese Daten werden ausschlie\u00dflich zur Sicherstellung eines st\u00f6rungsfreien Betriebs der Seite und zur Verbesserung unseres Angebots ausgewertet und erlauben uns keinen R\u00fcckschluss auf Ihre Person.<\/p>\r\n<p>Bei jedem Zugriff auf unsere Website werden Nutzungsdaten durch den jeweiligen Internetbrowser \u00fcbermittelt und in Protokolldateien, den sogenannten Server-Logfiles, gespeichert. Die dabei gespeicherten Datens\u00e4tze enthalten die folgenden Daten: Datum und Uhrzeit des Abrufs, Name der aufgerufenen Seite, IP-Adresse, Referrer-URL (Herkunfts-URL, von der aus Sie auf die Webseiten gekommen sind), die \u00fcbertragene Datenmenge, sowie Produkt und Versions-Informationen des verwendeten Browsers. Die IP-Adressen der Nutzer werden nach Beendigung der Nutzung gel\u00f6scht oder anonymisiert. Bei einer Anonymisierung werden die IP-Adressen derart ge\u00e4ndert, dass die Einzelangaben \u00fcber pers\u00f6nliche oder sachliche Verh\u00e4ltnisse nicht mehr oder nur mit einem unverh\u00e4ltnism\u00e4\u00dfig gro\u00dfen Aufwand an Zeit, Kosten und Arbeitskraft einer bestimmten oder bestimmbaren nat\u00fcrlichen Person zugeordnet werden k\u00f6nnen.<\/p>\r\n<p>Diese Logfile-Datens\u00e4tze werten wir in anonymisierter Form aus, um unser Angebot weiter zu verbessern und nutzerfreundlicher zu gestalten, Fehler schneller zu finden und zu beheben sowie Serverkapazit\u00e4ten zu steuern. So kann beispielsweise nachvollzogen werden, zu welcher Zeit die Nutzung der Website besonders beliebt ist und entsprechendes Datenvolumen zur Verf\u00fcgung stellen, um Ihnen einen schnellstm\u00f6glichen Einkauf zu gew\u00e4hrleisten. Dar\u00fcber hinaus k\u00f6nnen wir auch durch eine Analyse der Protokolldateien etwaige Fehler in der Website schneller erkennen und beheben.<\/p>\r\n<h4><strong>5. WEB ANALYSE<\/strong><\/h4>\r\n<h4><strong>5.1 GOOGLE ANALYTICS<\/strong><\/h4>\r\n<p>Wir setzen auf Grundlage unserer berechtigten Interessen (d.h. Interesse an der Analyse, Optimierung und wirtschaftlichem Betrieb unseres Onlineangebotes im Sinne des Art. 6 Abs. 1 lit. f. DSGVO) Google Analytics, einen Webanalysedienst der Google LLC (\u201eGoogle\u201c) ein. Google verwendet Cookies. Die durch das Cookie erzeugten Informationen \u00fcber Benutzung des Onlineangebotes durch die Nutzer werden in der Regel an einen Server von Google in den USA \u00fcbertragen und dort gespeichert.<br \/><br \/>Google ist unter dem Privacy-Shield-Abkommen zertifiziert und bietet hierdurch eine Garantie, das europ\u00e4ische Datenschutzrecht einzuhalten (<a href=\"https:\/\/www.privacyshield.gov\/participant?id=a2zt000000001L5AAI&amp;status=Active\" target=\"_blank\" rel=\"noopener\">https:\/\/www.privacyshield.gov\/participant?id=a2zt000000001L5AAI&amp;status=Active<\/a>).<br \/><br \/>Google wird diese Informationen in unserem Auftrag benutzen, um die Nutzung unseres Onlineangebotes durch die Nutzer auszuwerten, um Reports \u00fcber die Aktivit\u00e4ten innerhalb dieses Onlineangebotes zusammenzustellen und um weitere, mit der Nutzung dieses Onlineangebotes und der Internetnutzung verbundene Dienstleistungen, uns gegen\u00fcber zu erbringen. Dabei k\u00f6nnen aus den verarbeiteten Daten pseudonyme Nutzungsprofile der Nutzer erstellt werden.<br \/><br \/>Wir setzen Google Analytics nur mit aktivierter IP-Anonymisierung ein. Das bedeutet, die IP-Adresse der Nutzer wird von Google innerhalb von Mitgliedstaaten der Europ\u00e4ischen Union oder in anderen Vertragsstaaten des Abkommens \u00fcber den Europ\u00e4ischen Wirtschaftsraum gek\u00fcrzt. Nur in Ausnahmef\u00e4llen wird die volle IP-Adresse an einen Server von Google in den USA \u00fcbertragen und dort gek\u00fcrzt.<br \/><br \/>Die von dem Browser des Nutzers \u00fcbermittelte IP-Adresse wird nicht mit anderen Daten von Google zusammengef\u00fchrt. Die Nutzer k\u00f6nnen die Speicherung der Cookies durch eine entsprechende Einstellung ihrer Browser-Software verhindern; die Nutzer k\u00f6nnen dar\u00fcber hinaus die Erfassung der durch das Cookie erzeugten und auf ihre Nutzung des Onlineangebotes bezogenen Daten an Google sowie die Verarbeitung dieser Daten durch Google verhindern, indem sie das unter folgendem Link verf\u00fcgbare Browser-Plugin herunterladen und installieren:\u00a0<a href=\"http:\/\/tools.google.com\/dlpage\/gaoptout?hl=de\" target=\"_blank\" rel=\"noopener\">http:\/\/tools.google.com\/dlpage\/gaoptout?hl=de<\/a>.<br \/><br \/>Weitere Informationen zur Datennutzung durch Google, Einstellungs- und Widerspruchsm\u00f6glichkeiten, erfahren Sie in der Datenschutzerkl\u00e4rung von Google (<a href=\"https:\/\/policies.google.com\/technologies\/ads\" target=\"_blank\" rel=\"noopener\">https:\/\/policies.google.com\/technologies\/ads<\/a>) sowie in den Einstellungen f\u00fcr die Darstellung von Werbeeinblendungen durch Google\u00a0<a href=\"https:\/\/adssettings.google.com\/authenticated\" target=\"_blank\" rel=\"noopener\">(<\/a><a href=\"https:\/\/adssettings.google.com\/authenticated\">https:\/\/adssettings.google.com\/authenticated<\/a>).<br \/><br \/>Die personenbezogenen Daten der Nutzer werden nach 14 Monaten gel\u00f6scht oder anonymisiert.<\/p>\r\n<h4 id=\"dsg-thirdparty-einleitung\">6. EINBINDUNG VON DIENSTEN UND INHALTEN DRITTER<\/h4>\r\n<p>Wir setzen innerhalb unseres Onlineangebotes auf Grundlage unserer berechtigten Interessen (d.h. Interesse an der Analyse, Optimierung und wirtschaftlichem Betrieb unseres Onlineangebotes im Sinne des Art. 6 Abs. 1 lit. f. DSGVO) Inhalts- oder Serviceangebote von Drittanbietern ein, um deren Inhalte und Services, wie z.B. Videos oder Schriftarten einzubinden (nachfolgend einheitlich bezeichnet als \u201cInhalte\u201d).\u00a0<br \/><br \/>Dies setzt immer voraus, dass die Drittanbieter dieser Inhalte, die IP-Adresse der Nutzer wahrnehmen, da sie ohne die IP-Adresse die Inhalte nicht an deren Browser senden k\u00f6nnten. Die IP-Adresse ist damit f\u00fcr die Darstellung dieser Inhalte erforderlich. Wir bem\u00fchen uns nur solche Inhalte zu verwenden, deren jeweilige Anbieter die IP-Adresse lediglich zur Auslieferung der Inhalte verwenden. Drittanbieter k\u00f6nnen ferner so genannte Pixel-Tags (unsichtbare Grafiken, auch als &#8220;Web Beacons&#8221; bezeichnet) f\u00fcr statistische oder Marketingzwecke verwenden. Durch die &#8220;Pixel-Tags&#8221; k\u00f6nnen Informationen, wie der Besucherverkehr auf den Seiten dieser Website ausgewertet werden. Die pseudonymen Informationen k\u00f6nnen ferner in Cookies auf dem Ger\u00e4t der Nutzer gespeichert werden und unter anderem technische Informationen zum Browser und Betriebssystem, verweisende Webseiten, Besuchszeit sowie weitere Angaben zur Nutzung unseres Onlineangebotes enthalten, als auch mit solchen Informationen aus anderen Quellen verbunden werden.<\/p>\r\n<h4 id=\"dsg-thirdparty-googlefonts\">6.1 GOOGLE FONTS<\/h4>\r\n<p>Wir binden die Schriftarten (&#8220;Google Fonts&#8221;) des Anbieters Google LLC, 1600 Amphitheatre Parkway, Mountain View, CA 94043, USA, ein. Datenschutzerkl\u00e4rung:\u00a0<a href=\"https:\/\/www.google.com\/policies\/privacy\/\" target=\"_blank\" rel=\"noopener\">https:\/\/www.google.com\/policies\/privacy\/<\/a>, Opt-Out:\u00a0<a href=\"https:\/\/adssettings.google.com\/authenticated\" target=\"_blank\" rel=\"noopener\">https:\/\/adssettings.google.com\/authenticated<\/a>.<\/p>\r\n<h4 id=\"dsg-thirdparty-googlemaps\">6.2 GOOGLE MAPS<\/h4>\r\n<p>Wir binden die Landkarten des Dienstes \u201cGoogle Maps\u201d des Anbieters Google LLC, 1600 Amphitheatre Parkway, Mountain View, CA 94043, USA, ein. Zu den verarbeiteten Daten k\u00f6nnen insbesondere IP-Adressen und Standortdaten der Nutzer geh\u00f6ren, die jedoch nicht ohne deren Einwilligung (im Regelfall im Rahmen der Einstellungen ihrer Mobilger\u00e4te vollzogen), erhoben werden. Die Daten k\u00f6nnen in den USA verarbeitet werden. Datenschutzerkl\u00e4rung:\u00a0<a href=\"https:\/\/www.google.com\/policies\/privacy\/\" target=\"_blank\" rel=\"noopener\">https:\/\/www.google.com\/policies\/privacy\/<\/a>, Opt-Out:\u00a0<a href=\"https:\/\/adssettings.google.com\/authenticated\" target=\"_blank\" rel=\"noopener\">https:\/\/adssettings.google.com\/authenticated<\/a>.<\/p>\r\n<h4><strong>6.3 VERWENDUNG VON SOCIAL PLUGINS VON FACEBOOK, GOOGLE+, TWITTER UNTER VERWENDUNG DER &#8220;2-KLICK-L\u00d6SUNG&#8221;<\/strong><\/h4>\r\n<p>Aktuell (Stand April 2018) sind keine Scocial Plugins auf unserer Website installiert. Im Falle einer \u00c4nderung erhalten Sie an dieser Stelle weitere Hinweise.<\/p>\r\n<h4><strong>7. SICHERE DATEN\u00dcBERTRAGUNG<\/strong><\/h4>\r\n<p>Ihre pers\u00f6nlichen Daten werden bei uns sicher durch Verschl\u00fcsselung \u00fcbertragen. Wir bedienen uns dabei des Codierungssystems SSL (Secure Socket Layer). Desweiteren sichern wir unsere Webseiten und sonstige Systeme durch technische und organisatorische Ma\u00dfnahmen gegen Verlust, Zerst\u00f6rung, Zugriff, Ver\u00e4nderung oder Verbreitung Ihrer Daten durch unbefugte Personen ab.<\/p>\r\n<h4><strong>8. AUSKUNFTSRECHTE DES BETROFFENEN<\/strong><\/h4>\r\n<p>Nach dem Bundesdatenschutzgesetz haben unsere Kunden u.a. ein Recht auf unentgeltliche Auskunft \u00fcber ihre gespeicherten Daten, sowie ggf. ein Recht auf Berichtigung, Sperrung oder L\u00f6schung von Daten. Den Schutz Ihrer Daten nehmen wir sehr ernst. Um sicherzustellen, dass personenbezogene Daten nicht an Dritte herausgegeben werden, richten Sie Ihre Anfrage bitte per E-Mail oder per Post unter eindeutiger Identifizierung Ihrer Person an:<\/p>\r\n<p>Hellmich Kranservice GmbH, Am Schwarzbach an der B 44, 64560 Riedstadt-Erfelden<br \/>E-Mail:\u00a0<span id=\"cloakf5f40b6f9ef919b33a7ef0a9f4b66a65\"><a href=\"mailto:info@hellmich-kranservice.de\">Datenschutz@hft-riedstadt.de\/HFT2023WP<\/a><\/span><\/p>\r\n","protected":false},"excerpt":{"rendered":"<p>DATENSCHUTZERKL\u00c4RUNG UND EINWILLIGUNG ZUR DATENNUTZUNG Wir freuen uns \u00fcber Ihr Interesse an unserer Website. Der Schutz und die gesetzeskonforme Erhebung, Verarbeitung und Nutzung Ihrer personenbezogenen Daten Ihrer Privats- und Pers\u00f6nlichkeitssph\u00e4re ist f\u00fcr uns sehr wichtig. Nachstehend informieren wir Sie ausf\u00fchrlich \u00fcber den Umgang mit Ihren Daten und \u00fcber unsere Datenerhebung, Datenverarbeitung und Datenverwendung informieren. Sie [&hellip;]<\/p>\n","protected":false},"author":1,"featured_media":0,"parent":9,"menu_order":0,"comment_status":"closed","ping_status":"open","template":"","meta":{"footnotes":""},"class_list":["post-3","page","type-page","status-publish","hentry"],"jetpack_sharing_enabled":true,"_links":{"self":[{"href":"https:\/\/www.hft-riedstadt.de\/HFT2023WP\/wp-json\/wp\/v2\/pages\/3","targetHints":{"allow":["GET"]}}],"collection":[{"href":"https:\/\/www.hft-riedstadt.de\/HFT2023WP\/wp-json\/wp\/v2\/pages"}],"about":[{"href":"https:\/\/www.hft-riedstadt.de\/HFT2023WP\/wp-json\/wp\/v2\/types\/page"}],"author":[{"embeddable":true,"href":"https:\/\/www.hft-riedstadt.de\/HFT2023WP\/wp-json\/wp\/v2\/users\/1"}],"replies":[{"embeddable":true,"href":"https:\/\/www.hft-riedstadt.de\/HFT2023WP\/wp-json\/wp\/v2\/comments?post=3"}],"version-history":[{"count":1,"href":"https:\/\/www.hft-riedstadt.de\/HFT2023WP\/wp-json\/wp\/v2\/pages\/3\/revisions"}],"predecessor-version":[{"id":1505,"href":"https:\/\/www.hft-riedstadt.de\/HFT2023WP\/wp-json\/wp\/v2\/pages\/3\/revisions\/1505"}],"up":[{"embeddable":true,"href":"https:\/\/www.hft-riedstadt.de\/HFT2023WP\/wp-json\/wp\/v2\/pages\/9"}],"wp:attachment":[{"href":"https:\/\/www.hft-riedstadt.de\/HFT2023WP\/wp-json\/wp\/v2\/media?parent=3"}],"curies":[{"name":"wp","href":"https:\/\/api.w.org\/{rel}","templated":true}]}}