{"id":2398,"date":"2023-09-21T09:41:52","date_gmt":"2023-09-21T07:41:52","guid":{"rendered":"http:\/\/2022.hellmich.group\/?page_id=2398"},"modified":"2023-11-16T10:17:38","modified_gmt":"2023-11-16T09:17:38","slug":"hpc-350","status":"publish","type":"page","link":"https:\/\/www.hft-riedstadt.de\/HFT2023WP\/fuhrpark\/mobilkrane\/hpc-350\/","title":{"rendered":"HPC 350"},"content":{"rendered":"<div class=\"fusion-fullwidth fullwidth-box fusion-builder-row-1 fusion-flex-container nonhundred-percent-fullwidth non-hundred-percent-height-scrolling\" style=\"--awb-border-radius-top-left:0px;--awb-border-radius-top-right:0px;--awb-border-radius-bottom-right:0px;--awb-border-radius-bottom-left:0px;--awb-flex-wrap:wrap;\" ><div class=\"fusion-builder-row fusion-row fusion-flex-align-items-flex-start fusion-flex-content-wrap\" style=\"max-width:1216.8px;margin-left: calc(-4% \/ 2 );margin-right: calc(-4% \/ 2 );\"><div class=\"fusion-layout-column fusion_builder_column fusion-builder-column-0 fusion_builder_column_1_1 1_1 fusion-flex-column\" style=\"--awb-bg-blend:overlay;--awb-bg-size:cover;--awb-width-large:100%;--awb-margin-top-large:0px;--awb-spacing-right-large:1.92%;--awb-margin-bottom-large:0px;--awb-spacing-left-large:1.92%;--awb-width-medium:100%;--awb-spacing-right-medium:1.92%;--awb-spacing-left-medium:1.92%;--awb-width-small:100%;--awb-spacing-right-small:1.92%;--awb-spacing-left-small:1.92%;\"><div class=\"fusion-column-wrapper fusion-flex-justify-content-flex-start fusion-content-layout-column\"><div class=\"fusion-title title fusion-title-1 fusion-sep-none fusion-title-center fusion-title-highlight fusion-loop-off fusion-highlight-circle fusion-title-size-one fusion-animated\" data-highlight=\"circle\" data-animationType=\"fadeInLeft\" data-animationDuration=\"0.3\" data-animationOffset=\"top-into-view\"><h1 class=\"fusion-title-heading title-heading-center fusion-responsive-typography-calculated\" style=\"margin:0;text-transform:capitalize;--fontSize:60;line-height:var(--awb-typography1-line-height);\"><span class=\"fusion-highlighted-text-prefix\">Der Kraftprotz - <\/span> <span class=\"fusion-highlighted-text-wrapper\"><span class=\"fusion-highlighted-text\">HPC 350<\/span><\/span> <span class=\"fusion-highlighted-text-postfix\"><\/span><\/h1><\/div>\n<div class=\"table-1\">\n<table width=\"80%\">\n<thead>\n<tr>\n<th style=\"text-align: right;\" align=\"left\" width=\"50%\">Tragkraft<\/th>\n<th align=\"left\">300 to.<\/th>\n<\/tr>\n<\/thead>\n<tbody>\n<tr>\n<td style=\"text-align: right;\" align=\"left\">max. Spitzenh\u00f6he<\/td>\n<td align=\"left\">120 m<\/td>\n<\/tr>\n<tr>\n<td style=\"text-align: right;\" align=\"left\">max. Reichweite<\/td>\n<td align=\"left\">94 m<\/td>\n<\/tr>\n<tr>\n<td style=\"text-align: right;\" align=\"left\"><\/td>\n<td align=\"left\">2 Winden!<\/td>\n<\/tr>\n<\/tbody>\n<\/table>\n<\/div>\n<div class=\"fusion-text fusion-text-1\"><p>Trotz 6 Achsen ist der HPC 350 kompakt und, schnell auf der Baustelle und ebenso schnell ger\u00fcstet f\u00fcr den ersten Hub. Durch den 2 Windenbetrieb ideal f\u00fcr schwere Betonfertigbauteile.<\/p>\n<\/div><div class=\"fusion-image-carousel fusion-image-carousel-fixed fusion-image-carousel-1 lightbox-enabled fusion-carousel-border\"><div class=\"awb-carousel awb-swiper awb-swiper-carousel\" data-autoplay=\"yes\" data-columns=\"5\" data-itemmargin=\"13\" data-itemwidth=\"180\" data-touchscroll=\"no\" data-imagesize=\"fixed\"><div class=\"swiper-wrapper awb-image-carousel-wrapper fusion-flex-align-items-center\"><div class=\"swiper-slide\"><div class=\"fusion-carousel-item-wrapper\"><div class=\"fusion-image-wrapper hover-type-zoomin\"><a data-rel=\"iLightbox[image_carousel_1]\" data-title=\"1654173371618\" aria-label=\"1654173371618\" href=\"http:\/\/hft-riedstadt.de\/HFT2023WP\/wp-content\/uploads\/2023\/05\/1654173371618.jpg\" target=\"_self\"><img decoding=\"async\" width=\"320\" height=\"202\" src=\"data:image\/svg+xml,%3Csvg%20xmlns%3D%27http%3A%2F%2Fwww.w3.org%2F2000%2Fsvg%27%20width%3D%271280%27%20height%3D%271707%27%20viewBox%3D%270%200%201280%201707%27%3E%3Crect%20width%3D%271280%27%20height%3D%271707%27%20fill-opacity%3D%220%22%2F%3E%3C%2Fsvg%3E\" class=\"attachment-blog-medium size-blog-medium lazyload\" alt=\"\" data-orig-src=\"https:\/\/www.hft-riedstadt.de\/HFT2023WP\/wp-content\/uploads\/2023\/05\/1654173371618-320x202.jpg\" \/><\/a><\/div><\/div><\/div><div class=\"swiper-slide\"><div class=\"fusion-carousel-item-wrapper\"><div class=\"fusion-image-wrapper hover-type-zoomin\"><a data-rel=\"iLightbox[image_carousel_1]\" data-title=\"1654173368182\" aria-label=\"1654173368182\" href=\"http:\/\/hft-riedstadt.de\/HFT2023WP\/wp-content\/uploads\/2023\/05\/1654173368182.jpg\" target=\"_self\"><img decoding=\"async\" width=\"320\" height=\"202\" src=\"data:image\/svg+xml,%3Csvg%20xmlns%3D%27http%3A%2F%2Fwww.w3.org%2F2000%2Fsvg%27%20width%3D%271280%27%20height%3D%271707%27%20viewBox%3D%270%200%201280%201707%27%3E%3Crect%20width%3D%271280%27%20height%3D%271707%27%20fill-opacity%3D%220%22%2F%3E%3C%2Fsvg%3E\" class=\"attachment-blog-medium size-blog-medium lazyload\" alt=\"\" data-orig-src=\"https:\/\/www.hft-riedstadt.de\/HFT2023WP\/wp-content\/uploads\/2023\/05\/1654173368182-320x202.jpg\" \/><\/a><\/div><\/div><\/div><div class=\"swiper-slide\"><div class=\"fusion-carousel-item-wrapper\"><div class=\"fusion-image-wrapper hover-type-zoomin\"><a data-rel=\"iLightbox[image_carousel_1]\" data-title=\"Handystart\" aria-label=\"Handystart\" href=\"http:\/\/hft-riedstadt.de\/HFT2023WP\/wp-content\/uploads\/2022\/11\/Handystart-e1669130429859.jpg\" target=\"_self\"><img decoding=\"async\" width=\"320\" height=\"180\" src=\"data:image\/svg+xml,%3Csvg%20xmlns%3D%27http%3A%2F%2Fwww.w3.org%2F2000%2Fsvg%27%20width%3D%27360%27%20height%3D%27180%27%20viewBox%3D%270%200%20360%20180%27%3E%3Crect%20width%3D%27360%27%20height%3D%27180%27%20fill-opacity%3D%220%22%2F%3E%3C%2Fsvg%3E\" class=\"attachment-blog-medium size-blog-medium lazyload\" alt=\"\" data-orig-src=\"https:\/\/www.hft-riedstadt.de\/HFT2023WP\/wp-content\/uploads\/2022\/11\/Handystart-e1669130429859-320x180.jpg\" \/><\/a><\/div><\/div><\/div><div class=\"swiper-slide\"><div class=\"fusion-carousel-item-wrapper\"><div class=\"fusion-image-wrapper hover-type-zoomin\"><a data-rel=\"iLightbox[image_carousel_1]\" data-title=\"GMK 6300L1_th_01\" aria-label=\"GMK 6300L1_th_01\" href=\"http:\/\/hft-riedstadt.de\/HFT2023WP\/wp-content\/uploads\/2022\/11\/GMK-6300L1_th_01.jpg\" target=\"_self\"><img decoding=\"async\" width=\"300\" height=\"200\" src=\"https:\/\/www.hft-riedstadt.de\/HFT2023WP\/wp-content\/uploads\/2022\/11\/GMK-6300L1_th_01.jpg\" class=\"attachment-blog-medium size-blog-medium lazyload\" alt=\"\" srcset=\"data:image\/svg+xml,%3Csvg%20xmlns%3D%27http%3A%2F%2Fwww.w3.org%2F2000%2Fsvg%27%20width%3D%27300%27%20height%3D%27200%27%20viewBox%3D%270%200%20300%20200%27%3E%3Crect%20width%3D%27300%27%20height%3D%27200%27%20fill-opacity%3D%220%22%2F%3E%3C%2Fsvg%3E\" data-orig-src=\"https:\/\/www.hft-riedstadt.de\/HFT2023WP\/wp-content\/uploads\/2022\/11\/GMK-6300L1_th_01.jpg\" data-srcset=\"https:\/\/www.hft-riedstadt.de\/HFT2023WP\/wp-content\/uploads\/2022\/11\/GMK-6300L1_th_01-200x133.jpg 200w, https:\/\/www.hft-riedstadt.de\/HFT2023WP\/wp-content\/uploads\/2022\/11\/GMK-6300L1_th_01.jpg 300w\" data-sizes=\"auto\" \/><\/a><\/div><\/div><\/div><\/div><div class=\"awb-swiper-button awb-swiper-button-prev\"><i class=\"awb-icon-angle-left\" aria-hidden=\"true\"><\/i><\/div><div class=\"awb-swiper-button awb-swiper-button-next\"><i class=\"awb-icon-angle-right\" aria-hidden=\"true\"><\/i><\/div><\/div><\/div><\/div><\/div><\/div><\/div>\n","protected":false},"excerpt":{"rendered":"","protected":false},"author":1,"featured_media":0,"parent":2790,"menu_order":0,"comment_status":"closed","ping_status":"closed","template":"100-width.php","meta":{"footnotes":""},"class_list":["post-2398","page","type-page","status-publish","hentry"],"jetpack_sharing_enabled":true,"_links":{"self":[{"href":"https:\/\/www.hft-riedstadt.de\/HFT2023WP\/wp-json\/wp\/v2\/pages\/2398","targetHints":{"allow":["GET"]}}],"collection":[{"href":"https:\/\/www.hft-riedstadt.de\/HFT2023WP\/wp-json\/wp\/v2\/pages"}],"about":[{"href":"https:\/\/www.hft-riedstadt.de\/HFT2023WP\/wp-json\/wp\/v2\/types\/page"}],"author":[{"embeddable":true,"href":"https:\/\/www.hft-riedstadt.de\/HFT2023WP\/wp-json\/wp\/v2\/users\/1"}],"replies":[{"embeddable":true,"href":"https:\/\/www.hft-riedstadt.de\/HFT2023WP\/wp-json\/wp\/v2\/comments?post=2398"}],"version-history":[{"count":3,"href":"https:\/\/www.hft-riedstadt.de\/HFT2023WP\/wp-json\/wp\/v2\/pages\/2398\/revisions"}],"predecessor-version":[{"id":2401,"href":"https:\/\/www.hft-riedstadt.de\/HFT2023WP\/wp-json\/wp\/v2\/pages\/2398\/revisions\/2401"}],"up":[{"embeddable":true,"href":"https:\/\/www.hft-riedstadt.de\/HFT2023WP\/wp-json\/wp\/v2\/pages\/2790"}],"wp:attachment":[{"href":"https:\/\/www.hft-riedstadt.de\/HFT2023WP\/wp-json\/wp\/v2\/media?parent=2398"}],"curies":[{"name":"wp","href":"https:\/\/api.w.org\/{rel}","templated":true}]}}