{"id":2265,"date":"2023-07-06T17:00:35","date_gmt":"2023-07-06T15:00:35","guid":{"rendered":"http:\/\/2022.hellmich.group\/?page_id=2265"},"modified":"2023-11-16T11:16:41","modified_gmt":"2023-11-16T10:16:41","slug":"mpc-350-minikran","status":"publish","type":"page","link":"https:\/\/www.hft-riedstadt.de\/HFT2023WP\/fuhrpark\/minikran-original\/mpc-350-minikran\/","title":{"rendered":"MPC 350 &#8211; Minikran"},"content":{"rendered":"<div class=\"fusion-fullwidth fullwidth-box fusion-builder-row-1 fusion-flex-container nonhundred-percent-fullwidth non-hundred-percent-height-scrolling\" style=\"--awb-border-radius-top-left:0px;--awb-border-radius-top-right:0px;--awb-border-radius-bottom-right:0px;--awb-border-radius-bottom-left:0px;--awb-flex-wrap:wrap;\" ><div class=\"fusion-builder-row fusion-row fusion-flex-align-items-flex-start fusion-flex-content-wrap\" style=\"max-width:1216.8px;margin-left: calc(-4% \/ 2 );margin-right: calc(-4% \/ 2 );\"><div class=\"fusion-layout-column fusion_builder_column fusion-builder-column-0 fusion_builder_column_1_1 1_1 fusion-flex-column\" style=\"--awb-bg-blend:overlay;--awb-bg-size:cover;--awb-width-large:100%;--awb-margin-top-large:0px;--awb-spacing-right-large:1.92%;--awb-margin-bottom-large:0px;--awb-spacing-left-large:1.92%;--awb-width-medium:100%;--awb-spacing-right-medium:1.92%;--awb-spacing-left-medium:1.92%;--awb-width-small:100%;--awb-spacing-right-small:1.92%;--awb-spacing-left-small:1.92%;\"><div class=\"fusion-column-wrapper fusion-flex-justify-content-flex-start fusion-content-layout-column\"><div class=\"fusion-title title fusion-title-1 fusion-sep-none fusion-title-center fusion-title-highlight fusion-loop-off fusion-highlight-circle fusion-title-size-one fusion-animated\" data-highlight=\"circle\" data-animationType=\"fadeInLeft\" data-animationDuration=\"0.3\" data-animationOffset=\"top-into-view\"><h1 class=\"fusion-title-heading title-heading-center fusion-responsive-typography-calculated\" style=\"margin:0;text-transform:capitalize;--fontSize:60;line-height:var(--awb-typography1-line-height);\"><span class=\"fusion-highlighted-text-prefix\">Minikran<\/span> <span class=\"fusion-highlighted-text-wrapper\"><span class=\"fusion-highlighted-text\">MPC 350<\/span><\/span> <span class=\"fusion-highlighted-text-postfix\"><\/span><\/h1><\/div>\n<p>&nbsp;<\/p>\n<div class=\"table-1\">\n<table width=\"80%\">\n<thead>\n<tr>\n<th style=\"text-align: right;\" align=\"left\" width=\"50%\">Tragkraft<\/th>\n<th align=\"left\">3.500 kg<\/th>\n<\/tr>\n<\/thead>\n<tbody>\n<tr>\n<td style=\"text-align: right;\" align=\"left\">max. Hakenh\u00f6he<\/td>\n<td align=\"left\">11,8 m<\/td>\n<\/tr>\n<tr>\n<td style=\"text-align: right;\" align=\"left\">Durchfahrtsbreite<\/td>\n<td align=\"left\">63 cm<\/td>\n<\/tr>\n<tr>\n<td style=\"text-align: right;\" align=\"left\">Eigengewicht<\/td>\n<td align=\"left\">2.400 kg<\/td>\n<\/tr>\n<tr>\n<td style=\"text-align: right;\" align=\"left\">Antrieb<\/td>\n<td align=\"left\">wahlweise Dieselmotor oder 400 V<\/td>\n<\/tr>\n<\/tbody>\n<\/table>\n<\/div>\n<div class=\"fusion-text fusion-text-1\"><p>Unser kleinster Teleskopkran, ist aber mit seinen 63 cm Durchfahrtsbreite nicht zu untersch\u00e4tzen. Ideal bei beengten Platzverh\u00e4ltnissen. Wo f\u00fcr die anderen Krane die Zufahrt an der Haust\u00fcr endet, passt der MPC 350 durch jede T\u00fcr und kann notfalls auch durch das Wohnzimmer auf die Terrasse fahren und den Wintergarten aufbauen.<\/p>\n<\/div><div class=\"fusion-image-carousel fusion-image-carousel-fixed fusion-image-carousel-1 lightbox-enabled fusion-carousel-border\"><div class=\"awb-carousel awb-swiper awb-swiper-carousel\" data-autoplay=\"yes\" data-columns=\"5\" data-itemmargin=\"13\" data-itemwidth=\"180\" data-touchscroll=\"no\" data-imagesize=\"fixed\"><div class=\"swiper-wrapper awb-image-carousel-wrapper fusion-flex-align-items-center\"><div class=\"swiper-slide\"><div class=\"fusion-carousel-item-wrapper\"><div class=\"fusion-image-wrapper hover-type-zoomin\"><a data-rel=\"iLightbox[image_carousel_1]\" data-title=\"MPC35048\" aria-label=\"MPC35048\" href=\"http:\/\/hft-riedstadt.de\/HFT2023WP\/wp-content\/uploads\/2023\/07\/MPC35048.jpg\" target=\"_self\"><img decoding=\"async\" width=\"320\" height=\"202\" src=\"data:image\/svg+xml,%3Csvg%20xmlns%3D%27http%3A%2F%2Fwww.w3.org%2F2000%2Fsvg%27%20width%3D%27727%27%20height%3D%27437%27%20viewBox%3D%270%200%20727%20437%27%3E%3Crect%20width%3D%27727%27%20height%3D%27437%27%20fill-opacity%3D%220%22%2F%3E%3C%2Fsvg%3E\" class=\"attachment-blog-medium size-blog-medium lazyload\" alt=\"\" data-orig-src=\"https:\/\/www.hft-riedstadt.de\/HFT2023WP\/wp-content\/uploads\/2023\/07\/MPC35048-e1690955972227-320x202.jpg\" \/><\/a><\/div><\/div><\/div><div class=\"swiper-slide\"><div class=\"fusion-carousel-item-wrapper\"><div class=\"fusion-image-wrapper hover-type-zoomin\"><a data-rel=\"iLightbox[image_carousel_1]\" data-title=\"MPC35047\" aria-label=\"MPC35047\" href=\"http:\/\/hft-riedstadt.de\/HFT2023WP\/wp-content\/uploads\/2023\/07\/MPC35047.jpg\" target=\"_self\"><img decoding=\"async\" width=\"320\" height=\"202\" src=\"data:image\/svg+xml,%3Csvg%20xmlns%3D%27http%3A%2F%2Fwww.w3.org%2F2000%2Fsvg%27%20width%3D%271024%27%20height%3D%27768%27%20viewBox%3D%270%200%201024%20768%27%3E%3Crect%20width%3D%271024%27%20height%3D%27768%27%20fill-opacity%3D%220%22%2F%3E%3C%2Fsvg%3E\" class=\"attachment-blog-medium size-blog-medium lazyload\" alt=\"\" data-orig-src=\"https:\/\/www.hft-riedstadt.de\/HFT2023WP\/wp-content\/uploads\/2023\/07\/MPC35047-320x202.jpg\" \/><\/a><\/div><\/div><\/div><div class=\"swiper-slide\"><div class=\"fusion-carousel-item-wrapper\"><div class=\"fusion-image-wrapper hover-type-zoomin\"><a data-rel=\"iLightbox[image_carousel_1]\" data-title=\"MPC35046\" aria-label=\"MPC35046\" href=\"http:\/\/hft-riedstadt.de\/HFT2023WP\/wp-content\/uploads\/2023\/07\/MPC35046.jpg\" target=\"_self\"><img decoding=\"async\" width=\"320\" height=\"202\" src=\"data:image\/svg+xml,%3Csvg%20xmlns%3D%27http%3A%2F%2Fwww.w3.org%2F2000%2Fsvg%27%20width%3D%271024%27%20height%3D%27768%27%20viewBox%3D%270%200%201024%20768%27%3E%3Crect%20width%3D%271024%27%20height%3D%27768%27%20fill-opacity%3D%220%22%2F%3E%3C%2Fsvg%3E\" class=\"attachment-blog-medium size-blog-medium lazyload\" alt=\"\" data-orig-src=\"https:\/\/www.hft-riedstadt.de\/HFT2023WP\/wp-content\/uploads\/2023\/07\/MPC35046-320x202.jpg\" \/><\/a><\/div><\/div><\/div><div class=\"swiper-slide\"><div class=\"fusion-carousel-item-wrapper\"><div class=\"fusion-image-wrapper hover-type-zoomin\"><a data-rel=\"iLightbox[image_carousel_1]\" data-title=\"MPC35045\" aria-label=\"MPC35045\" href=\"http:\/\/hft-riedstadt.de\/HFT2023WP\/wp-content\/uploads\/2023\/07\/MPC35045.jpg\" target=\"_self\"><img decoding=\"async\" width=\"320\" height=\"202\" src=\"data:image\/svg+xml,%3Csvg%20xmlns%3D%27http%3A%2F%2Fwww.w3.org%2F2000%2Fsvg%27%20width%3D%271024%27%20height%3D%27498%27%20viewBox%3D%270%200%201024%20498%27%3E%3Crect%20width%3D%271024%27%20height%3D%27498%27%20fill-opacity%3D%220%22%2F%3E%3C%2Fsvg%3E\" class=\"attachment-blog-medium size-blog-medium lazyload\" alt=\"\" data-orig-src=\"https:\/\/www.hft-riedstadt.de\/HFT2023WP\/wp-content\/uploads\/2023\/07\/MPC35045-320x202.jpg\" \/><\/a><\/div><\/div><\/div><div class=\"swiper-slide\"><div class=\"fusion-carousel-item-wrapper\"><div class=\"fusion-image-wrapper hover-type-zoomin\"><a data-rel=\"iLightbox[image_carousel_1]\" data-caption=\"????????????????????????????????????\" data-title=\"MPC35044\" aria-label=\"MPC35044\" href=\"http:\/\/hft-riedstadt.de\/HFT2023WP\/wp-content\/uploads\/2023\/07\/MPC35044.jpg\" target=\"_self\"><img decoding=\"async\" width=\"320\" height=\"202\" src=\"data:image\/svg+xml,%3Csvg%20xmlns%3D%27http%3A%2F%2Fwww.w3.org%2F2000%2Fsvg%27%20width%3D%271024%27%20height%3D%27683%27%20viewBox%3D%270%200%201024%20683%27%3E%3Crect%20width%3D%271024%27%20height%3D%27683%27%20fill-opacity%3D%220%22%2F%3E%3C%2Fsvg%3E\" class=\"attachment-blog-medium size-blog-medium lazyload\" alt=\"\" data-orig-src=\"https:\/\/www.hft-riedstadt.de\/HFT2023WP\/wp-content\/uploads\/2023\/07\/MPC35044-320x202.jpg\" \/><\/a><\/div><\/div><\/div><div class=\"swiper-slide\"><div class=\"fusion-carousel-item-wrapper\"><div class=\"fusion-image-wrapper hover-type-zoomin\"><a data-rel=\"iLightbox[image_carousel_1]\" data-title=\"350rs\" aria-label=\"350rs\" href=\"http:\/\/hft-riedstadt.de\/HFT2023WP\/wp-content\/uploads\/2023\/04\/350rs.jpg\" target=\"_self\"><img decoding=\"async\" width=\"320\" height=\"202\" src=\"data:image\/svg+xml,%3Csvg%20xmlns%3D%27http%3A%2F%2Fwww.w3.org%2F2000%2Fsvg%27%20width%3D%27400%27%20height%3D%27327%27%20viewBox%3D%270%200%20400%20327%27%3E%3Crect%20width%3D%27400%27%20height%3D%27327%27%20fill-opacity%3D%220%22%2F%3E%3C%2Fsvg%3E\" class=\"attachment-blog-medium size-blog-medium lazyload\" alt=\"\" data-orig-src=\"https:\/\/www.hft-riedstadt.de\/HFT2023WP\/wp-content\/uploads\/2023\/04\/350rs-320x202.jpg\" \/><\/a><\/div><\/div><\/div><\/div><div class=\"awb-swiper-button awb-swiper-button-prev\"><i class=\"awb-icon-angle-left\" aria-hidden=\"true\"><\/i><\/div><div class=\"awb-swiper-button awb-swiper-button-next\"><i class=\"awb-icon-angle-right\" aria-hidden=\"true\"><\/i><\/div><\/div><\/div>\n<div class=\"table-1\">\n<table width=\"100%\">\n<thead>\n<tr>\n<th style=\"text-align: center;\" align=\"left\">Flyer MPC 350<\/th>\n<th style=\"text-align: center;\" align=\"left\">\u00dcbersicht unserer Minikrane<\/th>\n<\/tr>\n<\/thead>\n<tbody>\n<tr>\n<td style=\"text-align: center;\" align=\"left\"><div class=\"sdm_download_item \"><div class=\"sdm_download_item_top\"><div class=\"sdm_download_thumbnail\"><\/div><div class=\"sdm_download_title\"><\/div><\/div><div style=\"clear:both;\"><\/div><div class=\"sdm_download_description\"><\/div><div class=\"sdm_download_link\"><span class=\"sdm_download_button\"><a href=\"https:\/\/www.hft-riedstadt.de\/HFT2023WP\/?sdm_process_download=1&download_id=1771\" class=\"sdm_download green\" title=\"\" target=\"_self\">Jetzt herunterladen!<\/a><\/span><span class=\"sdm_download_item_count\"><span class=\"sdm_item_count_number\">17<\/span><span class=\"sdm_item_count_string\"> Downloads<\/span><\/span><\/div><\/div><div class=\"sdm_clear_float\"><\/div><\/td>\n<td style=\"text-align: center;\" align=\"left\"><div class=\"sdm_download_item \"><div class=\"sdm_download_item_top\"><div class=\"sdm_download_thumbnail\"><img decoding=\"async\" class=\"lazyload sdm_download_thumbnail_image\" src=\"data:image\/gif;base64,R0lGODlhAQABAAAAACH5BAEKAAEALAAAAAABAAEAAAICTAEAOw==\" data-orig-src=\"http:\/\/hft-riedstadt.de\/HFT2023WP\/wp-content\/uploads\/2023\/05\/Flyerrs.jpg\" alt = \"Minikran Flyer 2023\" \/><\/div><div class=\"sdm_download_title\">Minikran Flyer 2023<\/div><\/div><div style=\"clear:both;\"><\/div><div class=\"sdm_download_description\"><p>Minikran Flyer 2023<\/p>\n<\/div><div class=\"sdm_download_link\"><span class=\"sdm_download_button\"><a href=\"https:\/\/www.hft-riedstadt.de\/HFT2023WP\/?sdm_process_download=1&download_id=1722\" class=\"sdm_download green\" title=\"Minikran Flyer 2023\" target=\"_blank\">Jetzt herunterladen!<\/a><\/span><span class=\"sdm_download_item_count\"><span class=\"sdm_item_count_number\">40<\/span><span class=\"sdm_item_count_string\"> Downloads<\/span><\/span><\/div><\/div><div class=\"sdm_clear_float\"><\/div><\/td>\n<\/tr>\n<\/tbody>\n<\/table>\n<\/div>\n<\/div><\/div><\/div><\/div>\n","protected":false},"excerpt":{"rendered":"","protected":false},"author":1,"featured_media":0,"parent":2804,"menu_order":0,"comment_status":"closed","ping_status":"closed","template":"100-width.php","meta":{"footnotes":""},"class_list":["post-2265","page","type-page","status-publish","hentry"],"jetpack_sharing_enabled":true,"_links":{"self":[{"href":"https:\/\/www.hft-riedstadt.de\/HFT2023WP\/wp-json\/wp\/v2\/pages\/2265","targetHints":{"allow":["GET"]}}],"collection":[{"href":"https:\/\/www.hft-riedstadt.de\/HFT2023WP\/wp-json\/wp\/v2\/pages"}],"about":[{"href":"https:\/\/www.hft-riedstadt.de\/HFT2023WP\/wp-json\/wp\/v2\/types\/page"}],"author":[{"embeddable":true,"href":"https:\/\/www.hft-riedstadt.de\/HFT2023WP\/wp-json\/wp\/v2\/users\/1"}],"replies":[{"embeddable":true,"href":"https:\/\/www.hft-riedstadt.de\/HFT2023WP\/wp-json\/wp\/v2\/comments?post=2265"}],"version-history":[{"count":19,"href":"https:\/\/www.hft-riedstadt.de\/HFT2023WP\/wp-json\/wp\/v2\/pages\/2265\/revisions"}],"predecessor-version":[{"id":2438,"href":"https:\/\/www.hft-riedstadt.de\/HFT2023WP\/wp-json\/wp\/v2\/pages\/2265\/revisions\/2438"}],"up":[{"embeddable":true,"href":"https:\/\/www.hft-riedstadt.de\/HFT2023WP\/wp-json\/wp\/v2\/pages\/2804"}],"wp:attachment":[{"href":"https:\/\/www.hft-riedstadt.de\/HFT2023WP\/wp-json\/wp\/v2\/media?parent=2265"}],"curies":[{"name":"wp","href":"https:\/\/api.w.org\/{rel}","templated":true}]}}