{"id":1506,"date":"2022-11-22T10:50:33","date_gmt":"2022-11-22T09:50:33","guid":{"rendered":"http:\/\/2022.hellmich.group\/?page_id=1506"},"modified":"2024-02-01T09:10:47","modified_gmt":"2024-02-01T08:10:47","slug":"impressum","status":"publish","type":"page","link":"https:\/\/www.hft-riedstadt.de\/HFT2023WP\/kontakt\/impressum\/","title":{"rendered":"Impressum"},"content":{"rendered":"<p>HFT GmbH<br \/>\nHellmich Fahrzeugtechnik<br \/>\nStahlbaustra\u00dfe 60<br \/>\n64560 Riedstadt-Erfelden<br \/>\nTelefon: +49 6158 1884250<\/p>\n<p>E-Mail: info<span id=\"cloak8d13dd2b46e2d6a554344f3f83556119\"><a href=\"mailto:heinrich@hellmich-kranservice.de\">@hft-riedstadt.de<\/a><\/span><br \/>\nInternet: www.hft-riedstadt.de\/<br \/>\nAnsprechpartner: Gunnar Heinrich<\/p>\n<p>Vertretungsberechtigter Gesch\u00e4ftsf\u00fchrer: Dipl.-Betriebswirt (VWA) Ren\u00e9 Hellmich<\/p>\n<p>Registergericht: Amtsgericht Darmstadt<br \/>\nRegisternummer: HRB 53279<br \/>\nUmsatzsteuer-Identifikationsnummer gem\u00e4\u00df \u00a7 27 a Umsatzsteuergesetz: DE 811573708<\/p>\n","protected":false},"excerpt":{"rendered":"<p>HFT GmbH Hellmich Fahrzeugtechnik Stahlbaustra\u00dfe 60 64560 Riedstadt-Erfelden Telefon: +49 6158 1884250 E-Mail: info@hft-riedstadt.de Internet: www.hft-riedstadt.de\/ Ansprechpartner: Gunnar Heinrich Vertretungsberechtigter Gesch\u00e4ftsf\u00fchrer: Dipl.-Betriebswirt (VWA) Ren\u00e9 Hellmich Registergericht: Amtsgericht Darmstadt Registernummer: HRB 53279 Umsatzsteuer-Identifikationsnummer gem\u00e4\u00df \u00a7 27 a Umsatzsteuergesetz: DE 811573708<\/p>\n","protected":false},"author":1,"featured_media":0,"parent":9,"menu_order":0,"comment_status":"closed","ping_status":"closed","template":"100-width.php","meta":{"footnotes":""},"class_list":["post-1506","page","type-page","status-publish","hentry"],"jetpack_sharing_enabled":true,"_links":{"self":[{"href":"https:\/\/www.hft-riedstadt.de\/HFT2023WP\/wp-json\/wp\/v2\/pages\/1506","targetHints":{"allow":["GET"]}}],"collection":[{"href":"https:\/\/www.hft-riedstadt.de\/HFT2023WP\/wp-json\/wp\/v2\/pages"}],"about":[{"href":"https:\/\/www.hft-riedstadt.de\/HFT2023WP\/wp-json\/wp\/v2\/types\/page"}],"author":[{"embeddable":true,"href":"https:\/\/www.hft-riedstadt.de\/HFT2023WP\/wp-json\/wp\/v2\/users\/1"}],"replies":[{"embeddable":true,"href":"https:\/\/www.hft-riedstadt.de\/HFT2023WP\/wp-json\/wp\/v2\/comments?post=1506"}],"version-history":[{"count":3,"href":"https:\/\/www.hft-riedstadt.de\/HFT2023WP\/wp-json\/wp\/v2\/pages\/1506\/revisions"}],"predecessor-version":[{"id":3102,"href":"https:\/\/www.hft-riedstadt.de\/HFT2023WP\/wp-json\/wp\/v2\/pages\/1506\/revisions\/3102"}],"up":[{"embeddable":true,"href":"https:\/\/www.hft-riedstadt.de\/HFT2023WP\/wp-json\/wp\/v2\/pages\/9"}],"wp:attachment":[{"href":"https:\/\/www.hft-riedstadt.de\/HFT2023WP\/wp-json\/wp\/v2\/media?parent=1506"}],"curies":[{"name":"wp","href":"https:\/\/api.w.org\/{rel}","templated":true}]}}